{"id":214,"date":"2023-03-19T15:58:55","date_gmt":"2023-03-19T14:58:55","guid":{"rendered":"https:\/\/www.3s1.at\/TMM\/?page_id=214"},"modified":"2024-06-08T20:45:59","modified_gmt":"2024-06-08T18:45:59","slug":"17-3-2023-harry-ahamer-band-horns-support-flickentanz","status":"publish","type":"page","link":"https:\/\/www.3s1.at\/TMM\/17-3-2023-harry-ahamer-band-horns-support-flickentanz\/","title":{"rendered":"17.3.2023 &#8211; Harry Ahamer &#038; Band + Horns &#8211; support: Flickentanz"},"content":{"rendered":"<p align=center><img loading=\"lazy\" decoding=\"async\" src=\"https:\/\/www.3s1.at\/TMM\/wp-content\/uploads\/2023\/01\/cropped-hauptbild_hintergrund-3-1-1024x537.jpg\" alt=\"\" width=\"525\" height=\"275\" class=\"alignnone size-large wp-image-167\" srcset=\"https:\/\/www.3s1.at\/TMM\/wp-content\/uploads\/2023\/01\/cropped-hauptbild_hintergrund-3-1-1024x537.jpg 1024w, https:\/\/www.3s1.at\/TMM\/wp-content\/uploads\/2023\/01\/cropped-hauptbild_hintergrund-3-1-300x157.jpg 300w, https:\/\/www.3s1.at\/TMM\/wp-content\/uploads\/2023\/01\/cropped-hauptbild_hintergrund-3-1-768x403.jpg 768w, https:\/\/www.3s1.at\/TMM\/wp-content\/uploads\/2023\/01\/cropped-hauptbild_hintergrund-3-1-1536x806.jpg 1536w, https:\/\/www.3s1.at\/TMM\/wp-content\/uploads\/2023\/01\/cropped-hauptbild_hintergrund-3-1.jpg 2000w\" sizes=\"auto, (max-width: 525px) 100vw, 525px\" \/><\/p>\r\n\r\n<h1>WIR BEDANKEN UNS HERZLICHST BEI ALLEN BESUCHERN UND SPENDERN UNSERER GELUNGENEN VERANSTALTUNG &#8211; WIE AUCH BEI DEN K\u00dcNSTLERN UND K\u00dcNSTLERINNEN, DER TECHNIK UND DEM GESAMTEN TEAM DES REIGEN live!<\/h1>\r\n<!-- \/wp:post-content --><hr \/><!-- \/wp:heading -->\r\n<h1>TIERSCHUTZ meets music &#8211; veranstaltet vom Int. Bund der Tierversuchsgegner<\/h1>\r\n<p><a href=\"https:\/\/www.tierversuchsgegner.at\" target=\"_blank\" rel=\"noopener\"><img loading=\"lazy\" decoding=\"async\" class=\"size-full wp-image-183 alignleft\" src=\"https:\/\/www.3s1.at\/TMM\/wp-content\/uploads\/2023\/01\/fb_ibt_cover.png\" alt=\"\" width=\"864\" height=\"315\" srcset=\"https:\/\/www.3s1.at\/TMM\/wp-content\/uploads\/2023\/01\/fb_ibt_cover.png 864w, https:\/\/www.3s1.at\/TMM\/wp-content\/uploads\/2023\/01\/fb_ibt_cover-300x109.png 300w, https:\/\/www.3s1.at\/TMM\/wp-content\/uploads\/2023\/01\/fb_ibt_cover-768x280.png 768w\" sizes=\"auto, (max-width: 706px) 89vw, (max-width: 767px) 82vw, 740px\" \/><\/a><\/p>\r\n<p>&nbsp;<\/p>\r\n<p style=\"text-align: left;\">Die Veranstaltung wird durch die Bezirksverwaltung Penzing und die MA 7 &#8211; Kultur gef\u00f6rdert.<\/p>\r\n<img loading=\"lazy\" decoding=\"async\" src=\"https:\/\/www.3s1.at\/TMM\/wp-content\/uploads\/2023\/02\/bezirk14-230x300.jpg\" alt=\"\" width=\"62\" height=\"75\" class=\"alignnone size-medium wp-image-203\" \/> &nbsp; &nbsp; &nbsp; &nbsp; &nbsp; &nbsp; \r\n<img loading=\"lazy\" decoding=\"async\" src=\"https:\/\/www.3s1.at\/TMM\/wp-content\/uploads\/2023\/02\/Stadt_Wien_Kultur.jpg\" alt=\"\" width=\"100\" height=\"31\" class=\"alignnone size-full wp-image-204\" \/>\r\n\r\n<p style=\"text-align: left;\">\u00a0<\/p>\r\n<p>&nbsp;<\/p>\r\n\r\n<hr \/><!-- wp:heading {\"level\":3} -->\r\n<p align=\"justify\">Es ist dies unsere erste Veranstaltung unter dem Titel \u201c<strong>Tierschutz meets music<\/strong>\u201d \u2013 mit dem Besuch der Veranstaltung und dem Erwerb von Tickets geht ein Grossteil Ihrer Unterst\u00fctzung an den Tierschutz und den Einsatz f\u00fcr die Rechte der Tiere. Wir hoffen bei diesem Konzept aus guter Unterhaltung f\u00fcr einen wichtigen Zweck auf Ihre Unterst\u00fctzung.<\/p>\r\n<!-- \/wp:heading --><hr \/><!-- \/wp:heading -->\r\n\r\n<!-- wp:heading {\"level\":3} -->\r\n<p align=\"justify\">Wir freuen uns, <strong>HARRY AHAMER &amp; BAND<\/strong> nach sehr langer Zeit wieder einmal in Wien zu pr\u00e4sentieren. W\u00e4hrend <strong>HARRY AHAMER<\/strong> solo oder in kleiner Besetzung des \u00d6fteren mit seinem Mundartprogramm hier Station macht, ist sein Programm in grosser Besetzung mit Soul, Funk und Rock im Repertoire eher selten in Wien zu sehen.<\/p>\r\n<p><b>WEB &amp; BOOKING: <\/b><a href=\"http:\/\/www.harryahamer.at\/\" target=\"_blank\" rel=\"noopener\">www.harryahamer.at<\/a><\/p>\r\n<figure id=\"attachment_108\" aria-describedby=\"caption-attachment-108\" style=\"width: 525px\" class=\"wp-caption aligncenter\"><img loading=\"lazy\" decoding=\"async\" class=\"size-large wp-image-108\" src=\"https:\/\/www.3s1.at\/TMM\/wp-content\/uploads\/2023\/01\/IMG_1939-1024x683.jpg\" alt=\"@2021 - Harry Ahamer &amp; Band + Horns - Rockhouse Salzburg\" width=\"525\" height=\"350\" srcset=\"https:\/\/www.3s1.at\/TMM\/wp-content\/uploads\/2023\/01\/IMG_1939-1024x683.jpg 1024w, https:\/\/www.3s1.at\/TMM\/wp-content\/uploads\/2023\/01\/IMG_1939-300x200.jpg 300w, https:\/\/www.3s1.at\/TMM\/wp-content\/uploads\/2023\/01\/IMG_1939-768x512.jpg 768w, https:\/\/www.3s1.at\/TMM\/wp-content\/uploads\/2023\/01\/IMG_1939-1536x1024.jpg 1536w, https:\/\/www.3s1.at\/TMM\/wp-content\/uploads\/2023\/01\/IMG_1939-2048x1365.jpg 2048w\" sizes=\"auto, (max-width: 525px) 100vw, 525px\" \/><figcaption id=\"caption-attachment-108\" class=\"wp-caption-text\">@2021 &#8211; Harry Ahamer &amp; Band + Horns &#8211; Rockhouse Salzburg<\/figcaption><\/figure>\r\n<p align=\"center\"><iframe loading=\"lazy\" style=\"border: none; overflow: hidden;\" src=\"https:\/\/www.facebook.com\/plugins\/video.php?height=314&amp;href=https%3A%2F%2Fwww.facebook.com%2Fharry.ahamer.5%2Fvideos%2F588409903179289%2F&amp;show_text=false&amp;width=560&amp;t=0\" width=\"560\" height=\"314\" frameborder=\"0\" scrolling=\"no\" allowfullscreen=\"allowfullscreen\"><\/iframe><\/p>\r\n<!-- \/wp:heading --><hr \/><!-- \/wp:heading -->\r\n<table border=\"0\" width=\"100%\" align=\"center\">\r\n<tbody>\r\n<tr>\r\n<td align=\"left\" width=\"50%\"><iframe loading=\"lazy\" title=\"YouTube video player\" src=\"https:\/\/www.youtube.com\/embed\/FdnHyvQKExI\" width=\"280\" height=\"158\" frameborder=\"0\" allowfullscreen=\"allowfullscreen\"><\/iframe><\/td>\r\n<td align=\"right\" width=\"50%\"><iframe loading=\"lazy\" title=\"YouTube video player\" src=\"https:\/\/www.youtube.com\/embed\/mNr5nRlJ4jg\" width=\"280\" height=\"158\" frameborder=\"0\" allowfullscreen=\"allowfullscreen\"><\/iframe><\/td>\r\n<\/tr>\r\n<\/tbody>\r\n<\/table>\r\n\r\n<!-- wp:heading {\"level\":3} -->\r\n<p align=\"justify\">Als Support pr\u00e4sentiert <strong>FLICKENTANZ<\/strong> Poesiemusik aus ihrem Programm \u201eEine von Vielen\u201c im Duo mit Jaxx Deen.<\/p>\r\n<p><b>WEB: <\/b><a href=\"https:\/\/www.flickentanz.at\/\" target=\"_blank\" rel=\"noopener\">www.flickentanz.at<\/a><\/p>\r\n<p><b>BOOKING: <\/b><a href=\"https:\/\/www.diemichi-booking.com\/\" target=\"_blank\" rel=\"noopener\">www.diemichi-booking.com<\/a><\/p>\r\n<figure id=\"attachment_109\" aria-describedby=\"caption-attachment-109\" style=\"width: 525px\" class=\"wp-caption aligncenter\"><img loading=\"lazy\" decoding=\"async\" class=\"size-large wp-image-109\" src=\"https:\/\/www.3s1.at\/TMM\/wp-content\/uploads\/2023\/01\/Flickentanz_by_Stefan_Nuetzel_2022Loft_Session_print-68976-1024x681.jpg\" alt=\"@2022 - cr: Stefan Nuetzel - Flickentanz - Loft-Session\" width=\"525\" height=\"349\" srcset=\"https:\/\/www.3s1.at\/TMM\/wp-content\/uploads\/2023\/01\/Flickentanz_by_Stefan_Nuetzel_2022Loft_Session_print-68976-1024x681.jpg 1024w, https:\/\/www.3s1.at\/TMM\/wp-content\/uploads\/2023\/01\/Flickentanz_by_Stefan_Nuetzel_2022Loft_Session_print-68976-300x200.jpg 300w, https:\/\/www.3s1.at\/TMM\/wp-content\/uploads\/2023\/01\/Flickentanz_by_Stefan_Nuetzel_2022Loft_Session_print-68976-768x511.jpg 768w, https:\/\/www.3s1.at\/TMM\/wp-content\/uploads\/2023\/01\/Flickentanz_by_Stefan_Nuetzel_2022Loft_Session_print-68976-1536x1022.jpg 1536w, https:\/\/www.3s1.at\/TMM\/wp-content\/uploads\/2023\/01\/Flickentanz_by_Stefan_Nuetzel_2022Loft_Session_print-68976-2048x1363.jpg 2048w\" sizes=\"auto, (max-width: 525px) 100vw, 525px\" \/><figcaption id=\"caption-attachment-109\" class=\"wp-caption-text\">@2022 &#8211; cr: Stefan Nuetzel &#8211; Flickentanz &#8211; Loft-Session<\/figcaption><\/figure>\r\n<table border=\"0\" width=\"100%\" align=\"center\">\r\n<tbody>\r\n<tr>\r\n<td align=\"left\" width=\"50%\"><iframe loading=\"lazy\" title=\"YouTube video player\" src=\"https:\/\/www.youtube.com\/embed\/XYV7iccXYRQ\" width=\"280\" height=\"158\" frameborder=\"0\" allowfullscreen=\"allowfullscreen\"><\/iframe><\/td>\r\n<td align=\"right\" width=\"50%\"><iframe loading=\"lazy\" title=\"YouTube video player\" src=\"https:\/\/www.youtube.com\/embed\/YmoziICS-No\" width=\"280\" height=\"158\" frameborder=\"0\" allowfullscreen=\"allowfullscreen\"><\/iframe><\/td>\r\n<\/tr>\r\n<tr>\r\n<td align=\"left\" width=\"50%\"><iframe loading=\"lazy\" title=\"YouTube video player\" src=\"https:\/\/www.youtube.com\/embed\/-tOirZcVhyQ\" width=\"280\" height=\"158\" frameborder=\"0\" allowfullscreen=\"allowfullscreen\"><\/iframe><\/td>\r\n<td align=\"right\" width=\"50%\"><iframe loading=\"lazy\" title=\"YouTube video player\" src=\"https:\/\/www.youtube.com\/embed\/KDTuGWwvYfQ\" width=\"280\" height=\"158\" frameborder=\"0\" allowfullscreen=\"allowfullscreen\"><\/iframe><\/td>\r\n<\/tr>\r\n<\/tbody>\r\n<\/table>\r\n<p align=\"justify\">\u00a0<\/p>\r\n<p align=\"justify\">\u00a0<\/p>\r\n<hr \/><!-- \/wp:heading -->\r\n\r\n<!-- wp:heading {\"level\":3} -->\r\n<p align=\"justify\">Wir freuen uns auf einen gelungenen Abend und bedanken uns schon hier bei allen Besuchern und Spendern.<\/p>\r\n<p align=\"justify\">\u00a0<\/p>\r\n<p align=\"justify\"><img loading=\"lazy\" decoding=\"async\" class=\"size-large wp-image-110 aligncenter\" src=\"https:\/\/www.3s1.at\/TMM\/wp-content\/uploads\/2023\/01\/VA-IBT-2023-03-17-1024x427.jpg\" alt=\"\" width=\"525\" height=\"219\" srcset=\"https:\/\/www.3s1.at\/TMM\/wp-content\/uploads\/2023\/01\/VA-IBT-2023-03-17-1024x427.jpg 1024w, https:\/\/www.3s1.at\/TMM\/wp-content\/uploads\/2023\/01\/VA-IBT-2023-03-17-300x125.jpg 300w, https:\/\/www.3s1.at\/TMM\/wp-content\/uploads\/2023\/01\/VA-IBT-2023-03-17-768x320.jpg 768w, https:\/\/www.3s1.at\/TMM\/wp-content\/uploads\/2023\/01\/VA-IBT-2023-03-17.jpg 1200w\" sizes=\"auto, (max-width: 525px) 100vw, 525px\" \/><\/p>\r\n<p align=\"justify\"><img loading=\"lazy\" decoding=\"async\" class=\"size-full wp-image-82 aligncenter\" src=\"https:\/\/www.3s1.at\/TMM\/wp-content\/uploads\/2023\/01\/VA-LOGO-AHAMERBAND-FLICKENTANZ-300.jpg\" alt=\"\" width=\"300\" height=\"300\" srcset=\"https:\/\/www.3s1.at\/TMM\/wp-content\/uploads\/2023\/01\/VA-LOGO-AHAMERBAND-FLICKENTANZ-300.jpg 300w, https:\/\/www.3s1.at\/TMM\/wp-content\/uploads\/2023\/01\/VA-LOGO-AHAMERBAND-FLICKENTANZ-300-150x150.jpg 150w, https:\/\/www.3s1.at\/TMM\/wp-content\/uploads\/2023\/01\/VA-LOGO-AHAMERBAND-FLICKENTANZ-300-100x100.jpg 100w\" sizes=\"auto, (max-width: 300px) 100vw, 300px\" \/><\/p>\r\n<p align=\"justify\">\u00a0<\/p>\r\n<p align=\"justify\">\u00a0<\/p>\r\n<p align=\"justify\">\u00a0<\/p>\r\n<!-- \/wp:heading -->","protected":false},"excerpt":{"rendered":"<p>WIR BEDANKEN UNS HERZLICHST BEI ALLEN BESUCHERN UND SPENDERN UNSERER GELUNGENEN VERANSTALTUNG &#8211; WIE AUCH BEI DEN K\u00dcNSTLERN UND K\u00dcNSTLERINNEN, DER TECHNIK UND DEM GESAMTEN TEAM DES REIGEN live! TIERSCHUTZ meets music &#8211; veranstaltet vom Int. Bund der Tierversuchsgegner &nbsp; Die Veranstaltung wird durch die Bezirksverwaltung Penzing und die MA 7 &#8211; Kultur gef\u00f6rdert. &nbsp; &hellip; <\/p>\n<p class=\"link-more\"><a href=\"https:\/\/www.3s1.at\/TMM\/17-3-2023-harry-ahamer-band-horns-support-flickentanz\/\" class=\"more-link\"><span class=\"screen-reader-text\">\u201e17.3.2023 &#8211; Harry Ahamer &#038; Band + Horns &#8211; support: Flickentanz\u201c<\/span> weiterlesen<\/a><\/p>\n","protected":false},"author":1,"featured_media":0,"parent":0,"menu_order":0,"comment_status":"closed","ping_status":"closed","template":"","meta":{"footnotes":""},"class_list":["post-214","page","type-page","status-publish","hentry"],"_links":{"self":[{"href":"https:\/\/www.3s1.at\/TMM\/wp-json\/wp\/v2\/pages\/214","targetHints":{"allow":["GET"]}}],"collection":[{"href":"https:\/\/www.3s1.at\/TMM\/wp-json\/wp\/v2\/pages"}],"about":[{"href":"https:\/\/www.3s1.at\/TMM\/wp-json\/wp\/v2\/types\/page"}],"author":[{"embeddable":true,"href":"https:\/\/www.3s1.at\/TMM\/wp-json\/wp\/v2\/users\/1"}],"replies":[{"embeddable":true,"href":"https:\/\/www.3s1.at\/TMM\/wp-json\/wp\/v2\/comments?post=214"}],"version-history":[{"count":5,"href":"https:\/\/www.3s1.at\/TMM\/wp-json\/wp\/v2\/pages\/214\/revisions"}],"predecessor-version":[{"id":674,"href":"https:\/\/www.3s1.at\/TMM\/wp-json\/wp\/v2\/pages\/214\/revisions\/674"}],"wp:attachment":[{"href":"https:\/\/www.3s1.at\/TMM\/wp-json\/wp\/v2\/media?parent=214"}],"curies":[{"name":"wp","href":"https:\/\/api.w.org\/{rel}","templated":true}]}}