{"id":249,"date":"2023-03-20T00:10:25","date_gmt":"2023-03-19T23:10:25","guid":{"rendered":"https:\/\/www.3s1.at\/TMM\/?page_id=249"},"modified":"2023-11-24T23:03:16","modified_gmt":"2023-11-24T22:03:16","slug":"registrierung-anmeldung","status":"publish","type":"page","link":"https:\/\/www.3s1.at\/TMM\/registrierung-anmeldung\/","title":{"rendered":"Registrierung &#038; Anmeldung"},"content":{"rendered":"<script language=\"JavaScript\"><!--\r\n\r\nfunction tmmbuchit() {}\r\nfunction tmmdelete() {}\r\n\r\nfunction tmmbuchit(ben,akt,meng,art) {\r\n  var aktid = akt;\r\n  var benid = ben;\r\n  var artid = art;\r\n  if(art=='V')\r\n  {\r\n   var suches = 'buch_vmenge'+aktid;\r\n   var menge = document.getElementById(suches).value;\r\n  }\r\n  else\r\n  {\r\n   var menge = meng;\r\n  }\r\n  var sqlinhalt = aktid+'~'+benid+'~'+menge+'~'+artid;\r\n\r\n        var sqlinhalt1 = encodeURIComponent(sqlinhalt);\r\n        \/\/ code for IE7+, Firefox, Chrome, Opera, Safari\r\n        xmlhttp4 = new XMLHttpRequest();\r\n        if(xmlhttp4==null) \r\n        {\r\n\t\talert('Dein Browser ist nicht kompatibel - bitte nutze eine andere Software!');\r\n        } else \r\n        {\r\n            xmlhttp4.onreadystatechange = function() {\r\n                if (xmlhttp4.readyState == 4 && xmlhttp4.status == 200) {\r\n                    alert(xmlhttp4.responseText);\r\n                    location.reload(); \r\n                } else {\r\n                }\r\n\t    }\r\n            xmlhttp4.open(\"POST\",\"https:\/\/www.3s1.at\/TMM\/get_registered.php?id=\"+sqlinhalt1,true);\r\n            xmlhttp4.send();\r\n        }\r\n}\r\n\r\nfunction tmmdelete(key) {\r\n\r\n  var sqlinhalt1 = key;\r\n\r\n        var sqlinhalt11 = encodeURIComponent(sqlinhalt1);\r\n        \/\/ code for IE7+, Firefox, Chrome, Opera, Safari\r\n        xmlhttp5 = new XMLHttpRequest();\r\n        if(xmlhttp5==null) \r\n        {\r\n\t\talert('Dein Browser ist nicht kompatibel - bitte nutze eine andere Software!');\r\n        } else \r\n        {\r\n            xmlhttp5.onreadystatechange = function() {\r\n                if (xmlhttp5.readyState == 4 && xmlhttp5.status == 200) {\r\n                    alert(xmlhttp5.responseText);\r\n                    location.reload(); \r\n                } else {\r\n                }\r\n\t    }\r\n            xmlhttp5.open(\"POST\",\"https:\/\/www.3s1.at\/TMM\/get_deletact.php?id=\"+sqlinhalt11,true);\r\n            xmlhttp5.send();\r\n        }\r\n}\r\n\r\n\/\/-->\r\n<\/SCRIPT>\r\n<p align=\"center\"><img loading=\"lazy\" decoding=\"async\" src=\"http:\/\/www.3s1.at\/TMM\/wp-content\/uploads\/2023\/03\/fb_group_tmm.jpg\" alt=\"\" width=\"960\" height=\"354\" class=\"alignnone size-full wp-image-283\" srcset=\"https:\/\/www.3s1.at\/TMM\/wp-content\/uploads\/2023\/03\/fb_group_tmm.jpg 960w, https:\/\/www.3s1.at\/TMM\/wp-content\/uploads\/2023\/03\/fb_group_tmm-300x111.jpg 300w, https:\/\/www.3s1.at\/TMM\/wp-content\/uploads\/2023\/03\/fb_group_tmm-768x283.jpg 768w\" sizes=\"auto, (max-width: 706px) 89vw, (max-width: 767px) 82vw, 740px\" \/><\/p>\r\nDas Formular zur Registrierung findest Du am Ende dieser Seite!\r\n<div class=\"x11i5rnm xat24cr x1mh8g0r x1vvkbs xtlvy1s x126k92a\">\r\n<div dir=\"auto\">\r\n\ufeff<table bgcolor=\"#FFFFE1\" border=0 width=90% align=\"CENTER\" valign=\"TOP\"> <tr>   <td width=10% border=0 align=\"LEFT\" valign=\"TOP\"><\/td>  <td width=80% border=0 align=\"LEFT\" valign=\"TOP\"><font size=\"+1\" color=\"BLUE\"><b><\/b><\/font><br><br><form action=\"https:\/\/www.3s1.at\/TMM\/registrierung-anmeldung\" method=\"POST\"><b>ANMELDEN:<\/b><br><br><input type=\"hidden\" name=\"befehl\" value=\"ANM\">EMAIL-ADRESSE<br><input type=\"TEXT\" name=\"email\" value=\"\"><br><br>KENNWORT<br><input type=\"PASSWORD\" name=\"ipsw\" value=\"\"><br><br><input type=\"submit\" name=\"senden\" value=\"SENDEN\"><br><br><\/form>  <\/td>  <td width=10% border=0 align=\"LEFT\" valign=\"TOP\"><\/td> <\/tr><\/table>\r\n\r\n<p align=\"justify\"><strong>\"TIERSCHUTZ MEETS MUSIC\u201d bietet freien Eintritt, bzw. Verg\u00fcnstigung bei unseren kommenden, regelm\u00e4\u00dfigen Veranstaltungen und Aktionen f\u00fcr ordnungsm\u00e4\u00dfig eingetragene Mitglieder unseres Tierschutz- und Tierrechts-Vereins.<\/strong><\/p>\r\n\r\n<strong>Diesbez\u00fcglich gilt Folgendes:<\/strong>\r\n\r\n<ul>\r\n \t<li style=\"list-style-type: none;\">\r\n<ul>\r\n \t<li>Eine Veranstaltung bzw. eine Aktion pro laufendem Jahr der Mitgliedschaft (gilt ab Zahlungstag des j\u00e4hrlichen Beitrags von \u20ac 72,00 an den IBT) wird f\u00fcr Dich gratis und kostenfrei angeboten. Dies gilt jeweils f\u00fcr 1 Ticket \/ Angebot.<\/li>\r\n \t<li>Weitere Veranstaltungen bzw. Aktionen im laufenden Jahr der Mitgliedschaft (siehe oben) werden f\u00fcr Dich mit zumindest 50%igem Preisnachlass angeboten. Dies gilt f\u00fcr maximal 2 Tickets \/ Angebote f\u00fcr die jeweilige Veranstaltung oder Aktion.<\/li>\r\n \t<li>Unsere jeweiligen Angebote gelten solange wir jeweils Kontingente zur Veranstaltung oder Aktion frei haben. Die Verf\u00fcgbarkeit wird nach Anmeldung bei den aktuellen Angeboten angezeigt.<\/li>\r\n \t<li>Get\u00e4tigte Bestellungen zu Veranstaltungen oder Aktionen sind verbindlich - es erfolgt von uns kein finanzieller Abgleich oder eine R\u00fcckerstattung. Mit der Ausnahme wenn wir dies im Einzelfall so bekanntgeben.<\/li>\r\n \t<li>Sofern unsere Kontingente ausreichen, k\u00f6nnen von Mitgliedern zus\u00e4tzliche Tickets \/ Angebote zum jeweiligen Vollpreis erstanden werden.<\/li>\r\n \t<li>Sofern vom jeweiligen Veranstalter nicht anders definiert, k\u00f6nnen erstandene Tickets \/ Angebote frei weitergegeben werden. In F\u00e4llen von vorgeschriebener Personalisierung ist dies nicht m\u00f6glich.<\/li>\r\n<\/ul>\r\n<\/li>\r\n<\/ul>\r\n<\/div>\r\n<\/div>\r\n<div class=\"x11i5rnm xat24cr x1mh8g0r x1vvkbs xtlvy1s x126k92a\">\r\n<div dir=\"auto\">\r\n<p align=\"justify\"><strong>Wir hoffen auf Eure Teilnahme und bedanken uns schon hier f\u00fcr Eure Unterst\u00fctzung \u2013 wie wir allen, die sich daf\u00fcr entscheiden, viel Freude mit unseren zuk\u00fcnftigen Angeboten w\u00fcnschen.<\/strong><\/p>\r\n<p align=\"justify\"><strong>Die Registrierung und der weitere Ablauf bei \"TIERSCHUTZ MEETS MUSIC\" wie folgt:\r\n<\/strong><\/p>\r\n\r\n<ul>\r\n \t<li style=\"list-style-type: none;\">\r\n<ul>\r\n \t<li><strong>Registrieren oder mittels Angabe der Email-Adresse anmelden<\/strong><\/li>\r\n<\/ul>\r\n<\/li>\r\n<\/ul>\r\nBei einer Registrierung erh\u00e4ltst Du eine Email-Nachricht zur Verifikation der Anmeldung. Danach ist die Anmeldung mit dem gew\u00e4hlten Kennwort m\u00f6glich.\r\n\r\nNach einer Anmeldung werden aktuell verf\u00fcgbare Angebote sowie bereits genutzte Angebote angezeigt. Der Status und die Laufzeit Deiner Mitgliedschaft (abh\u00e4ngig von der Bezahlung des Jahresbeitrags von \u20ac 72,00 an den IBT) ist ebenfalls ersichtlich.\r\n<ul>\r\n \t<li style=\"list-style-type: none;\">\r\n<ul>\r\n \t<li><strong>Im angemeldeten Bereich<\/strong><\/li>\r\n<\/ul>\r\n<\/li>\r\n<\/ul>\r\n<strong><em>Anmerkung:<\/em><\/strong> Aus technischen Gr\u00fcnden bearbeiten wir Zahlungseing\u00e4nge zu Deiner Mitgliedschaft manuell. D.h. die Aktivierung und der Zeitraum der Mitgliedschaft wird erst ab Zahlungseingang festgelegt. \u00dcber alle dies bez\u00fcglichen Vorg\u00e4nge informieren wir per Email.\r\n<ul>\r\n \t<li style=\"list-style-type: none;\">\r\n<ul>\r\n \t<li style=\"list-style-type: none;\">\r\n<ul>\r\n \t<li>Status\u00fcbersicht\u00a0 (Status, Zeitraum)<\/li>\r\n \t<li>Aktuelle Angebote\u00a0 (w\u00e4hlbar sofern generell und f\u00fcr Dich verf\u00fcgbar)<\/li>\r\n \t<li>Bereits genutzte Angebote<\/li>\r\n \t<li>\u00c4nderung von Stammdaten und Kennwort; eine neue Email-Adresse muss in der Folge neuerlich verifiziert werden<\/li>\r\n<\/ul>\r\n<\/li>\r\n<\/ul>\r\n<\/li>\r\n<\/ul>\r\n\r\n<\/div>\r\n<\/div>\r\n\r\n\r\n<hr \/>\r\n\r\n<div class=\"wpforms-container wpforms-container-full\" id=\"wpforms-237\"><form id=\"wpforms-form-237\" class=\"wpforms-validate wpforms-form wpforms-ajax-form\" data-formid=\"237\" method=\"post\" enctype=\"multipart\/form-data\" action=\"\/TMM\/wp-json\/wp\/v2\/pages\/249\" data-token=\"e3b9f646dea1203fef87ab73c8523f34\"><div class=\"wpforms-head-container\"><div class=\"wpforms-title\">Registrierung<\/div><\/div><noscript class=\"wpforms-error-noscript\">Bitte aktiviere JavaScript in deinem Browser, um dieses Formular fertigzustellen.<\/noscript><div class=\"wpforms-field-container\"><div id=\"wpforms-237-field_12-container\" class=\"wpforms-field wpforms-field-text\" data-field-id=\"12\"><label class=\"wpforms-field-label\" for=\"wpforms-237-field_12\">Name <span class=\"wpforms-required-label\">*<\/span><\/label><input type=\"text\" id=\"wpforms-237-field_12\" class=\"wpforms-field-medium wpforms-field-required\" name=\"wpforms[fields][12]\" required><\/div><div id=\"wpforms-237-field_11-container\" class=\"wpforms-field wpforms-field-text\" data-field-id=\"11\"><label class=\"wpforms-field-label\" for=\"wpforms-237-field_11\">Vorname <span class=\"wpforms-required-label\">*<\/span><\/label><input type=\"text\" id=\"wpforms-237-field_11\" class=\"wpforms-field-medium wpforms-field-required\" name=\"wpforms[fields][11]\" required><\/div><div id=\"wpforms-237-field_2-container\" class=\"wpforms-field wpforms-field-email\" data-field-id=\"2\"><label class=\"wpforms-field-label\" for=\"wpforms-237-field_2\">E-Mail <span class=\"wpforms-required-label\">*<\/span><\/label><input type=\"email\" id=\"wpforms-237-field_2\" class=\"wpforms-field-medium wpforms-field-required\" name=\"wpforms[fields][2]\" required><\/div><div id=\"wpforms-237-field_3-container\" class=\"wpforms-field wpforms-field-text\" data-field-id=\"3\"><label class=\"wpforms-field-label\" for=\"wpforms-237-field_3\">Titel<\/label><input type=\"text\" id=\"wpforms-237-field_3\" class=\"wpforms-field-small\" name=\"wpforms[fields][3]\" ><\/div><div id=\"wpforms-237-field_4-container\" class=\"wpforms-field wpforms-field-select wpforms-field-select-style-classic\" data-field-id=\"4\"><label class=\"wpforms-field-label\" for=\"wpforms-237-field_4\">Anrede <span class=\"wpforms-required-label\">*<\/span><\/label><select id=\"wpforms-237-field_4\" class=\"wpforms-field-small wpforms-field-required\" name=\"wpforms[fields][4]\" required=\"required\"><option value=\"Frau\" >Frau<\/option><option value=\"Herr\" >Herr<\/option><option value=\"S.g.\"  selected='selected'>S.g.<\/option><\/select><\/div><div id=\"wpforms-237-field_6-container\" class=\"wpforms-field wpforms-field-text\" data-field-id=\"6\"><label class=\"wpforms-field-label\" for=\"wpforms-237-field_6\">Adresse <span class=\"wpforms-required-label\">*<\/span><\/label><input type=\"text\" id=\"wpforms-237-field_6\" class=\"wpforms-field-medium wpforms-field-required\" name=\"wpforms[fields][6]\" required><\/div><div id=\"wpforms-237-field_7-container\" class=\"wpforms-field wpforms-field-text\" data-field-id=\"7\"><label class=\"wpforms-field-label\" for=\"wpforms-237-field_7\">Ort <span class=\"wpforms-required-label\">*<\/span><\/label><input type=\"text\" id=\"wpforms-237-field_7\" class=\"wpforms-field-small wpforms-field-required\" name=\"wpforms[fields][7]\" required><\/div><div id=\"wpforms-237-field_8-container\" class=\"wpforms-field wpforms-field-text\" data-field-id=\"8\"><label class=\"wpforms-field-label\" for=\"wpforms-237-field_8\">Postleitzahl <span class=\"wpforms-required-label\">*<\/span><\/label><input type=\"text\" id=\"wpforms-237-field_8\" class=\"wpforms-field-small wpforms-field-required wpforms-limit-characters-enabled\" data-form-id=\"237\" data-field-id=\"8\" data-text-limit=\"4\" name=\"wpforms[fields][8]\" maxlength=\"4\" required><\/div><div id=\"wpforms-237-field_9-container\" class=\"wpforms-field wpforms-field-select wpforms-field-select-style-classic\" data-field-id=\"9\"><label class=\"wpforms-field-label\" for=\"wpforms-237-field_9\">Land <span class=\"wpforms-required-label\">*<\/span><\/label><select id=\"wpforms-237-field_9\" class=\"wpforms-field-small wpforms-field-required\" name=\"wpforms[fields][9]\" required=\"required\"><option value=\"A-\"  selected='selected'>A-<\/option><\/select><\/div><\/div><div class=\"wpforms-recaptcha-container wpforms-is-recaptcha\"><div class=\"g-recaptcha\" data-sitekey=\"6LfE-2AUAAAAADmN8X-kG0ZzLRgTO_Tg8Hj-vooa\"><\/div><input type=\"text\" name=\"g-recaptcha-hidden\" class=\"wpforms-recaptcha-hidden\" style=\"position:absolute!important;clip:rect(0,0,0,0)!important;height:1px!important;width:1px!important;border:0!important;overflow:hidden!important;padding:0!important;margin:0!important;\" required><\/div><div class=\"wpforms-submit-container\"><input type=\"hidden\" name=\"wpforms[id]\" value=\"237\"><input type=\"hidden\" name=\"wpforms[author]\" value=\"1\"><button type=\"submit\" name=\"wpforms[submit]\" id=\"wpforms-submit-237\" class=\"wpforms-submit\" data-alt-text=\"Senden\u2026\" data-submit-text=\"Absenden\" aria-live=\"assertive\" value=\"wpforms-submit\">Absenden<\/button><img loading=\"lazy\" decoding=\"async\" src=\"https:\/\/www.3s1.at\/TMM\/wp-content\/plugins\/wpforms\/assets\/images\/submit-spin.svg\" class=\"wpforms-submit-spinner\" style=\"display: none;\" width=\"26\" height=\"26\" alt=\"Wird geladen\"><\/div><\/form><\/div>  <!-- .wpforms-container --><!-- \/wp:post-content -->","protected":false},"excerpt":{"rendered":"<p>Das Formular zur Registrierung findest Du am Ende dieser Seite! &#8222;TIERSCHUTZ MEETS MUSIC\u201d bietet freien Eintritt, bzw. Verg\u00fcnstigung bei unseren kommenden, regelm\u00e4\u00dfigen Veranstaltungen und Aktionen f\u00fcr ordnungsm\u00e4\u00dfig eingetragene Mitglieder unseres Tierschutz- und Tierrechts-Vereins. Diesbez\u00fcglich gilt Folgendes: Eine Veranstaltung bzw. eine Aktion pro laufendem Jahr der Mitgliedschaft (gilt ab Zahlungstag des j\u00e4hrlichen Beitrags von \u20ac 72,00 &hellip; <\/p>\n<p class=\"link-more\"><a href=\"https:\/\/www.3s1.at\/TMM\/registrierung-anmeldung\/\" class=\"more-link\"><span class=\"screen-reader-text\">\u201eRegistrierung &#038; Anmeldung\u201c<\/span> weiterlesen<\/a><\/p>\n","protected":false},"author":1,"featured_media":0,"parent":0,"menu_order":0,"comment_status":"closed","ping_status":"closed","template":"","meta":{"footnotes":""},"class_list":["post-249","page","type-page","status-publish","hentry"],"_links":{"self":[{"href":"https:\/\/www.3s1.at\/TMM\/wp-json\/wp\/v2\/pages\/249","targetHints":{"allow":["GET"]}}],"collection":[{"href":"https:\/\/www.3s1.at\/TMM\/wp-json\/wp\/v2\/pages"}],"about":[{"href":"https:\/\/www.3s1.at\/TMM\/wp-json\/wp\/v2\/types\/page"}],"author":[{"embeddable":true,"href":"https:\/\/www.3s1.at\/TMM\/wp-json\/wp\/v2\/users\/1"}],"replies":[{"embeddable":true,"href":"https:\/\/www.3s1.at\/TMM\/wp-json\/wp\/v2\/comments?post=249"}],"version-history":[{"count":20,"href":"https:\/\/www.3s1.at\/TMM\/wp-json\/wp\/v2\/pages\/249\/revisions"}],"predecessor-version":[{"id":349,"href":"https:\/\/www.3s1.at\/TMM\/wp-json\/wp\/v2\/pages\/249\/revisions\/349"}],"wp:attachment":[{"href":"https:\/\/www.3s1.at\/TMM\/wp-json\/wp\/v2\/media?parent=249"}],"curies":[{"name":"wp","href":"https:\/\/api.w.org\/{rel}","templated":true}]}}