{"id":669,"date":"2024-06-08T20:33:19","date_gmt":"2024-06-08T18:33:19","guid":{"rendered":"https:\/\/www.3s1.at\/TMM\/?page_id=669"},"modified":"2024-06-08T21:19:50","modified_gmt":"2024-06-08T19:19:50","slug":"7-6-2024-wir4-special-guest-heinrich-walcher-supp-oliver-gruen","status":"publish","type":"page","link":"https:\/\/www.3s1.at\/TMM\/7-6-2024-wir4-special-guest-heinrich-walcher-supp-oliver-gruen\/","title":{"rendered":"7.6.2024 \u2013 WIR4 &#8211; Special Guest Heinrich Walcher (supp. Oliver Gruen)"},"content":{"rendered":"<p align=center><img loading=\"lazy\" decoding=\"async\" src=\"https:\/\/www.3s1.at\/TMM\/wp-content\/uploads\/2024\/05\/sujet-NEU_1200_630-2-LOGO.jpg\" alt=\"\" width=\"525\" height=\"275\" class=\"alignnone size-large wp-image-167\" \/><\/p>\r\n\r\n<h1>ES WAR EIN GENIALER ABEND &#8211; WIEDER IM REIGEN live &#8211; MIT EINEM HEVORRAGENDEN PUBLIKUM!<\/h1>\r\n<!-- \/wp:post-content --><hr \/><!-- \/wp:heading -->\r\n\r\n<h1>TIERSCHUTZ meets music &#8211; veranstaltet vom Int. Bund der Tierversuchsgegner<\/h1>\r\n<p><a href=\"https:\/\/www.tierversuchsgegner.at\" target=\"_blank\" rel=\"noopener\"><img loading=\"lazy\" decoding=\"async\" class=\"size-full wp-image-183 alignleft\" src=\"https:\/\/www.3s1.at\/TMM\/wp-content\/uploads\/2023\/01\/fb_ibt_cover.png\" alt=\"\" width=\"864\" height=\"315\" srcset=\"https:\/\/www.3s1.at\/TMM\/wp-content\/uploads\/2023\/01\/fb_ibt_cover.png 864w, https:\/\/www.3s1.at\/TMM\/wp-content\/uploads\/2023\/01\/fb_ibt_cover-300x109.png 300w, https:\/\/www.3s1.at\/TMM\/wp-content\/uploads\/2023\/01\/fb_ibt_cover-768x280.png 768w\" sizes=\"auto, (max-width: 706px) 89vw, (max-width: 767px) 82vw, 740px\" \/><\/a><\/p>\r\n<p>&nbsp;<\/p>\r\n<p style=\"text-align: left;\">Die Veranstaltung wird durch die Bezirksverwaltung Penzing und die MA 7 &#8211; Kultur gef\u00f6rdert.<\/p>\r\n<img loading=\"lazy\" decoding=\"async\" src=\"https:\/\/www.3s1.at\/TMM\/wp-content\/uploads\/2023\/02\/bezirk14-230x300.jpg\" alt=\"\" width=\"62\" height=\"75\" class=\"alignnone size-medium wp-image-203\" \/> &nbsp; &nbsp; &nbsp; &nbsp; &nbsp; &nbsp; \r\n<img loading=\"lazy\" decoding=\"async\" src=\"https:\/\/www.3s1.at\/TMM\/wp-content\/uploads\/2023\/02\/Stadt_Wien_Kultur.jpg\" alt=\"\" width=\"100\" height=\"31\" class=\"alignnone size-full wp-image-204\" \/>\r\n\r\n<p style=\"text-align: left;\">\u00a0<\/p>\r\n<p>&nbsp;<\/p>\r\n\r\n<hr \/><!-- wp:heading {\"level\":3} -->\r\n<p align=\"justify\">Es war dies unsere zweite Veranstaltung unter dem Titel \u201c<strong>Tierschutz meets music<\/strong>\u201d \u2013 mit dem Besuch der Veranstaltung und dem Erwerb von Tickets geht ein Grossteil Ihrer Unterst\u00fctzung an den Tierschutz und den Einsatz f\u00fcr die Rechte der Tiere. Wir hoffen bei diesem Konzept aus guter Unterhaltung f\u00fcr einen wichtigen Zweck auf Ihre Unterst\u00fctzung.<\/p>\r\n<!-- \/wp:heading --><hr \/><!-- \/wp:heading -->\r\n\r\n<!-- wp:heading {\"level\":3} -->\r\n<p align=\"justify\"><b>DAS BESTE VON AUSTRIA 3<\/b> von WIR4 geht in die Verl\u00e4ngerung. Zum 12-j\u00e4hrigen Jubil\u00e4um der Band kommt nun \u201cDas Beste von Austria 3\u201d \u2013 Teil 2 auf die B\u00fchne und man kann auf einige \u00dcberraschungen gespannt sein!<\/p>\r\n<p align=\"justify\">\u201c<b>Zwickt`s mi, i man, i tram<\/b>\u201d \u2013 jetzt kommt die Originalband von AUSTRIA 3 \u2013 bekannt als WIR4, und hat den Spa\u00df und die Lebensfreude des Austropop mit im Gep\u00e4ck. Ihre unvergesslichen Hits wie \u201c<b>I am from Austria<\/b>\u201d, \u201c<b>Da Hofa<\/b>\u201d oder \u201c<b>J\u00f6 Schau<\/b>\u201d halten \u201c<b>F\u00fcr immer Jung<\/b>\u201d und erleben gerade so etwas wie eine Wiederauferstehung, aber nicht am \u201c<b>Zentralfriedhof<\/b>\u201d sondern vor allem live auf der B\u00fchne!<\/p>\r\n<p align=\"justify\"><b>WIR4<\/b>, das sind Gary <b>LUX<\/b>, Harald <b>FENDRICH<\/b>, Harry <b>STAMPFER<\/b> und Ulli <b>B\u00c4ER<\/b>.<\/p>\r\n<p align=\"justify\">\r\n<table border=none width=100% style=\"border: none;\">\r\n<tr style=\"border: none;\">\r\n<td width=25% style=\"border: none; text-align: left;\" valign=top align=left><img decoding=\"async\" src=\"https:\/\/www.3s1.at\/TMM\/wp-content\/uploads\/2024\/05\/stage_gary-198x300.jpg\" alt=\"\" width=\"110\" class=\"alignleft size-medium wp-image-626\" srcset=\"https:\/\/www.3s1.at\/TMM\/wp-content\/uploads\/2024\/05\/stage_gary-198x300.jpg 198w, https:\/\/www.3s1.at\/TMM\/wp-content\/uploads\/2024\/05\/stage_gary-675x1024.jpg 675w, https:\/\/www.3s1.at\/TMM\/wp-content\/uploads\/2024\/05\/stage_gary-768x1165.jpg 768w, https:\/\/www.3s1.at\/TMM\/wp-content\/uploads\/2024\/05\/stage_gary-1013x1536.jpg 1013w, https:\/\/www.3s1.at\/TMM\/wp-content\/uploads\/2024\/05\/stage_gary.jpg 1350w\" sizes=\"(max-width: 198px) 100vw, 198px\" \/>\r\n<\/td>\r\n<td width=25% style=\"border: none; text-align: left;\" valign=top align=left><img decoding=\"async\" src=\"https:\/\/www.3s1.at\/TMM\/wp-content\/uploads\/2024\/05\/stage_harald-187x300.jpg\" alt=\"\" width=\"110\" class=\"alignleft size-medium wp-image-627\" srcset=\"https:\/\/www.3s1.at\/TMM\/wp-content\/uploads\/2024\/05\/stage_harald-187x300.jpg 187w, https:\/\/www.3s1.at\/TMM\/wp-content\/uploads\/2024\/05\/stage_harald-638x1024.jpg 638w, https:\/\/www.3s1.at\/TMM\/wp-content\/uploads\/2024\/05\/stage_harald-768x1234.jpg 768w, https:\/\/www.3s1.at\/TMM\/wp-content\/uploads\/2024\/05\/stage_harald-956x1536.jpg 956w, https:\/\/www.3s1.at\/TMM\/wp-content\/uploads\/2024\/05\/stage_harald.jpg 1275w\" sizes=\"(max-width: 187px) 100vw, 187px\" \/>\r\n<\/td>\r\n<td width=25% style=\"border: none; text-align: center;\" valign=top align=center><img decoding=\"async\" src=\"https:\/\/www.3s1.at\/TMM\/wp-content\/uploads\/2024\/05\/stage_harry-300x222.jpg\" alt=\"\" width=\"150\" class=\"aligncenter size-medium wp-image-628\" srcset=\"https:\/\/www.3s1.at\/TMM\/wp-content\/uploads\/2024\/05\/stage_harry-300x222.jpg 300w, https:\/\/www.3s1.at\/TMM\/wp-content\/uploads\/2024\/05\/stage_harry-1024x759.jpg 1024w, https:\/\/www.3s1.at\/TMM\/wp-content\/uploads\/2024\/05\/stage_harry-768x569.jpg 768w, https:\/\/www.3s1.at\/TMM\/wp-content\/uploads\/2024\/05\/stage_harry-1536x1139.jpg 1536w, https:\/\/www.3s1.at\/TMM\/wp-content\/uploads\/2024\/05\/stage_harry.jpg 2048w\" sizes=\"(max-width: 300px) 100vw, 300px\" \/>\r\n<\/td>\r\n<td width=25% style=\"border: none; text-align: right;\" valign=top align=right><img decoding=\"async\" src=\"https:\/\/www.3s1.at\/TMM\/wp-content\/uploads\/2024\/05\/stage_uli-191x300.jpg\" alt=\"\" width=\"110\" class=\"alignright size-medium wp-image-629\" srcset=\"https:\/\/www.3s1.at\/TMM\/wp-content\/uploads\/2024\/05\/stage_uli-191x300.jpg 191w, https:\/\/www.3s1.at\/TMM\/wp-content\/uploads\/2024\/05\/stage_uli-654x1024.jpg 654w, https:\/\/www.3s1.at\/TMM\/wp-content\/uploads\/2024\/05\/stage_uli-768x1203.jpg 768w, https:\/\/www.3s1.at\/TMM\/wp-content\/uploads\/2024\/05\/stage_uli-980x1536.jpg 980w, https:\/\/www.3s1.at\/TMM\/wp-content\/uploads\/2024\/05\/stage_uli.jpg 1307w\" sizes=\"(max-width: 191px) 100vw, 191px\" \/>\r\n<\/td><\/tr><\/table>\r\n<\/p>\r\n<p align=\"justify\">Viele erfolgreiche Lieder haben sie als Produzenten, Texter, Musiker, Arrangeure oder Frontmen ganz entscheidend mitgepr\u00e4gt und sind auch heute noch Garanten f\u00fcr moderne \u00f6sterreichische Musik. Von Falco bis Gerd Steinb\u00e4cker, Georg Danzer bis Wolfgang Ambros und nicht zuletzt bei der legend\u00e4ren Band Austria 3 (A3) hinterlassen sie ihre musikalischen Spuren.<\/p>\r\n<p align=\"justify\"><b>Das ist keine Austria-3-Coverband, das ist DIE Original Austria-3-Band. N\u00e4her kann man dem \u00f6sterreichischen Mythos nicht sein.<\/b><\/p>\r\n<p align=\"justify\">Woran denkt man bei Frauennamen wie \u201e<b>Mimi<\/b>\u201c, \u201e<b>Luise<\/b>\u201c oder \u201e<b>Rosemarie<\/b>\u201c &#8230; zugegeben \u2013 etwas individuell, aber beim Begriff \u201e<b>Gummizwerg<\/b>\u201c sollte sich bei Vielen aus meiner Generation doch eine Assoziation einstellen!<\/p>\r\n<p align=\"justify\"><img decoding=\"async\" src=\"https:\/\/www.3s1.at\/TMM\/wp-content\/uploads\/2024\/05\/heinrich_walcher-300x200.jpg\" alt=\"\" width=\"180\" class=\"alignleft size-medium wp-image-643\" srcset=\"https:\/\/www.3s1.at\/TMM\/wp-content\/uploads\/2024\/05\/heinrich_walcher-300x200.jpg 300w, https:\/\/www.3s1.at\/TMM\/wp-content\/uploads\/2024\/05\/heinrich_walcher.jpg 709w\" sizes=\"(max-width: 300px) 100vw, 300px\" \/><b>HEINRICH WALCHER<\/b> \u2013 Maler und Musiker, und einer der ersten Ikonen des fr\u00fchen \u201eAUSTROPOP\u201c, wenn man es so bezeichnen m\u00f6chte. Wir freuen uns, dass wir Heinrich Walcher mit Oliver Gruen (Git.) am 7.6.2024 bei TIERSCHUTZ meets MUSIC als weiteres Highlight vor WIR4 begr\u00fc\u00dfen d\u00fcrfen \u2013 besser kann man den Abend im REIGEN live nicht abrunden!<\/p>\r\n\r\n<p align=\"justify\">Der IBT pr\u00e4sentiert mit \u201cWIR4\u201d seine zweite Veranstaltung in der Reihe \u201cTierschutz meets music\u201d \u2013 mit dem Besuch der Veranstaltung und dem Erwerb von Tickets geht ein Grossteil Ihrer Unterst\u00fctzung an den Tierschutz und den Einsatz f\u00fcr die Rechte der Tiere. Wir hoffen bei diesem Konzept aus guter Unterhaltung f\u00fcr einen wichtigen Zweck auf Ihre Unterst\u00fctzung.<\/p>\r\n\r\n\r\n<hr \/>\r\n\r\n<table align=\"center\" style=\"border: none;\">\r\n<tr style=\"border: none;\">\r\n<td align=\"center\" style=\"border: none;\">\r\n<b>Einige Impressionen des Abends &#8211; Photo- und Video-credits: @Christian Schmid<\/b>\r\n<\/td>\r\n<\/tr>\r\n<tr style=\"border: none;\">\r\n<td height=20 style=\"border: none;\">\r\n<\/td>\r\n<\/tr>\r\n<tr style=\"border: none;\">\r\n<td align=\"center\" style=\"border: none;\">\r\n<img decoding=\"async\" src=\"https:\/\/www.3s1.at\/TMM\/wp-content\/uploads\/2024\/06\/christianb_schmid-ulli2-225x300.jpg\" alt=\"\" width=\"125\" class=\"alignleft size-medium wp-image-680\" srcset=\"https:\/\/www.3s1.at\/TMM\/wp-content\/uploads\/2024\/06\/christianb_schmid-ulli2-225x300.jpg 225w, https:\/\/www.3s1.at\/TMM\/wp-content\/uploads\/2024\/06\/christianb_schmid-ulli2-768x1024.jpg 768w, https:\/\/www.3s1.at\/TMM\/wp-content\/uploads\/2024\/06\/christianb_schmid-ulli2-1152x1536.jpg 1152w, https:\/\/www.3s1.at\/TMM\/wp-content\/uploads\/2024\/06\/christianb_schmid-ulli2.jpg 1536w\" sizes=\"(max-width: 225px) 100vw, 225px\" \/>\r\n\r\n<img decoding=\"async\" src=\"https:\/\/www.3s1.at\/TMM\/wp-content\/uploads\/2024\/06\/christian_schmid-gary2-225x300.jpg\" alt=\"\" width=\"125\" class=\"alignleft size-medium wp-image-677\" srcset=\"https:\/\/www.3s1.at\/TMM\/wp-content\/uploads\/2024\/06\/christian_schmid-gary2-225x300.jpg 225w, https:\/\/www.3s1.at\/TMM\/wp-content\/uploads\/2024\/06\/christian_schmid-gary2-768x1024.jpg 768w, https:\/\/www.3s1.at\/TMM\/wp-content\/uploads\/2024\/06\/christian_schmid-gary2-1152x1536.jpg 1152w, https:\/\/www.3s1.at\/TMM\/wp-content\/uploads\/2024\/06\/christian_schmid-gary2.jpg 1536w\" sizes=\"(max-width: 225px) 100vw, 225px\" \/>\r\n\r\n<img decoding=\"async\" src=\"https:\/\/www.3s1.at\/TMM\/wp-content\/uploads\/2024\/06\/christian_schmid-harald2-225x300.jpg\" alt=\"\" width=\"125\" class=\"alignleft size-medium wp-image-678\" srcset=\"https:\/\/www.3s1.at\/TMM\/wp-content\/uploads\/2024\/06\/christian_schmid-harald2-225x300.jpg 225w, https:\/\/www.3s1.at\/TMM\/wp-content\/uploads\/2024\/06\/christian_schmid-harald2-768x1024.jpg 768w, https:\/\/www.3s1.at\/TMM\/wp-content\/uploads\/2024\/06\/christian_schmid-harald2-1152x1536.jpg 1152w, https:\/\/www.3s1.at\/TMM\/wp-content\/uploads\/2024\/06\/christian_schmid-harald2.jpg 1536w\" sizes=\"(max-width: 225px) 100vw, 225px\" \/>\r\n\r\n<img decoding=\"async\" src=\"https:\/\/www.3s1.at\/TMM\/wp-content\/uploads\/2024\/06\/christian_schmid-ulli-225x300.jpg\" alt=\"\" width=\"125\" class=\"alignleft size-medium wp-image-679\" srcset=\"https:\/\/www.3s1.at\/TMM\/wp-content\/uploads\/2024\/06\/christian_schmid-ulli-225x300.jpg 225w, https:\/\/www.3s1.at\/TMM\/wp-content\/uploads\/2024\/06\/christian_schmid-ulli-768x1024.jpg 768w, https:\/\/www.3s1.at\/TMM\/wp-content\/uploads\/2024\/06\/christian_schmid-ulli-1152x1536.jpg 1152w, https:\/\/www.3s1.at\/TMM\/wp-content\/uploads\/2024\/06\/christian_schmid-ulli.jpg 1536w\" sizes=\"(max-width: 225px) 100vw, 225px\" \/>\r\n<\/td>\r\n<\/tr>\r\n<tr style=\"border: none;\">\r\n<td height=20 style=\"border: none;\">\r\n<\/td>\r\n<\/tr>\r\n<tr style=\"border: none;\">\r\n<td style=\"border: none;\">\r\n<img decoding=\"async\" src=\"https:\/\/www.3s1.at\/TMM\/wp-content\/uploads\/2024\/06\/christian_schmid-WIR4-300x225.jpg\" alt=\"\" width=\"200\" class=\"alignleft size-medium wp-image-683\" srcset=\"https:\/\/www.3s1.at\/TMM\/wp-content\/uploads\/2024\/06\/christian_schmid-WIR4-300x225.jpg 300w, https:\/\/www.3s1.at\/TMM\/wp-content\/uploads\/2024\/06\/christian_schmid-WIR4-1024x768.jpg 1024w, https:\/\/www.3s1.at\/TMM\/wp-content\/uploads\/2024\/06\/christian_schmid-WIR4-768x576.jpg 768w, https:\/\/www.3s1.at\/TMM\/wp-content\/uploads\/2024\/06\/christian_schmid-WIR4-1536x1152.jpg 1536w, https:\/\/www.3s1.at\/TMM\/wp-content\/uploads\/2024\/06\/christian_schmid-WIR4.jpg 2048w\" sizes=\"(max-width: 300px) 100vw, 300px\" \/>\r\n\r\n<img decoding=\"async\" src=\"https:\/\/www.3s1.at\/TMM\/wp-content\/uploads\/2024\/06\/christian_schmid-WIR4-1-300x225.jpg\" alt=\"\" width=\"200\" class=\"alignleft size-medium wp-image-684\" srcset=\"https:\/\/www.3s1.at\/TMM\/wp-content\/uploads\/2024\/06\/christian_schmid-WIR4-1-300x225.jpg 300w, https:\/\/www.3s1.at\/TMM\/wp-content\/uploads\/2024\/06\/christian_schmid-WIR4-1-1024x768.jpg 1024w, https:\/\/www.3s1.at\/TMM\/wp-content\/uploads\/2024\/06\/christian_schmid-WIR4-1-768x576.jpg 768w, https:\/\/www.3s1.at\/TMM\/wp-content\/uploads\/2024\/06\/christian_schmid-WIR4-1-1536x1152.jpg 1536w, https:\/\/www.3s1.at\/TMM\/wp-content\/uploads\/2024\/06\/christian_schmid-WIR4-1.jpg 2048w\" sizes=\"(max-width: 300px) 100vw, 300px\" \/>\r\n\r\n<img decoding=\"async\" src=\"https:\/\/www.3s1.at\/TMM\/wp-content\/uploads\/2024\/06\/christian_schmid-WIR4-2-300x225.jpg\" alt=\"\" width=\"200\" class=\"alignleft size-medium wp-image-685\" srcset=\"https:\/\/www.3s1.at\/TMM\/wp-content\/uploads\/2024\/06\/christian_schmid-WIR4-2-300x225.jpg 300w, https:\/\/www.3s1.at\/TMM\/wp-content\/uploads\/2024\/06\/christian_schmid-WIR4-2-1024x768.jpg 1024w, https:\/\/www.3s1.at\/TMM\/wp-content\/uploads\/2024\/06\/christian_schmid-WIR4-2-768x576.jpg 768w, https:\/\/www.3s1.at\/TMM\/wp-content\/uploads\/2024\/06\/christian_schmid-WIR4-2-1536x1152.jpg 1536w, https:\/\/www.3s1.at\/TMM\/wp-content\/uploads\/2024\/06\/christian_schmid-WIR4-2.jpg 2048w\" sizes=\"(max-width: 300px) 100vw, 300px\" \/>\r\n<\/td>\r\n<\/tr>\r\n<tr style=\"border: none;\">\r\n<td height=20 style=\"border: none;\">\r\n<\/td>\r\n<\/tr>\r\n<tr style=\"border: none;\">\r\n<td style=\"border: none;\">\r\n<img decoding=\"async\" src=\"https:\/\/www.3s1.at\/TMM\/wp-content\/uploads\/2024\/06\/christian_schmid-heini-oliver-300x225.jpg\" alt=\"\" width=\"200\" class=\"alignleft size-medium wp-image-692\" srcset=\"https:\/\/www.3s1.at\/TMM\/wp-content\/uploads\/2024\/06\/christian_schmid-heini-oliver-300x225.jpg 300w, https:\/\/www.3s1.at\/TMM\/wp-content\/uploads\/2024\/06\/christian_schmid-heini-oliver-1024x768.jpg 1024w, https:\/\/www.3s1.at\/TMM\/wp-content\/uploads\/2024\/06\/christian_schmid-heini-oliver-768x576.jpg 768w, https:\/\/www.3s1.at\/TMM\/wp-content\/uploads\/2024\/06\/christian_schmid-heini-oliver-1536x1152.jpg 1536w, https:\/\/www.3s1.at\/TMM\/wp-content\/uploads\/2024\/06\/christian_schmid-heini-oliver.jpg 2048w\" sizes=\"(max-width: 300px) 100vw, 300px\" \/>\r\n\r\n<img decoding=\"async\" src=\"https:\/\/www.3s1.at\/TMM\/wp-content\/uploads\/2024\/06\/christian_schmid-heinrich-oliver-heinz-300x225.jpg\" alt=\"\" width=\"200\" class=\"alignleft size-medium wp-image-693\" srcset=\"https:\/\/www.3s1.at\/TMM\/wp-content\/uploads\/2024\/06\/christian_schmid-heinrich-oliver-heinz-300x225.jpg 300w, https:\/\/www.3s1.at\/TMM\/wp-content\/uploads\/2024\/06\/christian_schmid-heinrich-oliver-heinz-1024x768.jpg 1024w, https:\/\/www.3s1.at\/TMM\/wp-content\/uploads\/2024\/06\/christian_schmid-heinrich-oliver-heinz-768x576.jpg 768w, https:\/\/www.3s1.at\/TMM\/wp-content\/uploads\/2024\/06\/christian_schmid-heinrich-oliver-heinz-1536x1152.jpg 1536w, https:\/\/www.3s1.at\/TMM\/wp-content\/uploads\/2024\/06\/christian_schmid-heinrich-oliver-heinz.jpg 2048w\" sizes=\"(max-width: 300px) 100vw, 300px\" \/>\r\n<\/td>\r\n<\/tr>\r\n<tr style=\"border: none;\">\r\n<td height=20 style=\"border: none;\">\r\n<\/td>\r\n<\/tr>\r\n<tr style=\"border: none;\">\r\n<td style=\"border: none;\">\r\n<div style=\"width: 270px;\" class=\"wp-video\"><video class=\"wp-video-shortcode\" id=\"video-669-1\" width=\"270\" height=\"480\" preload=\"metadata\" controls=\"controls\"><source type=\"video\/mp4\" src=\"https:\/\/www.3s1.at\/TMM\/wp-content\/uploads\/2024\/06\/christian_schmid-heini-oliver-mix.mp4?_=1\" \/><a href=\"https:\/\/www.3s1.at\/TMM\/wp-content\/uploads\/2024\/06\/christian_schmid-heini-oliver-mix.mp4\">https:\/\/www.3s1.at\/TMM\/wp-content\/uploads\/2024\/06\/christian_schmid-heini-oliver-mix.mp4<\/a><\/video><\/div>\r\n\r\n<div style=\"width: 270px;\" class=\"wp-video\"><video class=\"wp-video-shortcode\" id=\"video-669-2\" width=\"270\" height=\"480\" preload=\"metadata\" controls=\"controls\"><source type=\"video\/mp4\" src=\"https:\/\/www.3s1.at\/TMM\/wp-content\/uploads\/2024\/06\/christian_schmid-wir4-mix.mp4?_=2\" \/><a href=\"https:\/\/www.3s1.at\/TMM\/wp-content\/uploads\/2024\/06\/christian_schmid-wir4-mix.mp4\">https:\/\/www.3s1.at\/TMM\/wp-content\/uploads\/2024\/06\/christian_schmid-wir4-mix.mp4<\/a><\/video><\/div>\r\n<\/td>\r\n<\/tr>\r\n<tr style=\"border: none;\">\r\n<td height=20 style=\"border: none;\">\r\n<\/td>\r\n<\/tr>\r\n<\/table>\r\n","protected":false},"excerpt":{"rendered":"<p>ES WAR EIN GENIALER ABEND &#8211; WIEDER IM REIGEN live &#8211; MIT EINEM HEVORRAGENDEN PUBLIKUM! TIERSCHUTZ meets music &#8211; veranstaltet vom Int. Bund der Tierversuchsgegner &nbsp; Die Veranstaltung wird durch die Bezirksverwaltung Penzing und die MA 7 &#8211; Kultur gef\u00f6rdert. &nbsp; &nbsp; &nbsp; &nbsp; &nbsp; &nbsp; \u00a0 &nbsp; Es war dies unsere zweite Veranstaltung unter &hellip; <\/p>\n<p class=\"link-more\"><a href=\"https:\/\/www.3s1.at\/TMM\/7-6-2024-wir4-special-guest-heinrich-walcher-supp-oliver-gruen\/\" class=\"more-link\"><span class=\"screen-reader-text\">\u201e7.6.2024 \u2013 WIR4 &#8211; Special Guest Heinrich Walcher (supp. Oliver Gruen)\u201c<\/span> weiterlesen<\/a><\/p>\n","protected":false},"author":1,"featured_media":0,"parent":0,"menu_order":0,"comment_status":"closed","ping_status":"closed","template":"","meta":{"footnotes":""},"class_list":["post-669","page","type-page","status-publish","hentry"],"_links":{"self":[{"href":"https:\/\/www.3s1.at\/TMM\/wp-json\/wp\/v2\/pages\/669","targetHints":{"allow":["GET"]}}],"collection":[{"href":"https:\/\/www.3s1.at\/TMM\/wp-json\/wp\/v2\/pages"}],"about":[{"href":"https:\/\/www.3s1.at\/TMM\/wp-json\/wp\/v2\/types\/page"}],"author":[{"embeddable":true,"href":"https:\/\/www.3s1.at\/TMM\/wp-json\/wp\/v2\/users\/1"}],"replies":[{"embeddable":true,"href":"https:\/\/www.3s1.at\/TMM\/wp-json\/wp\/v2\/comments?post=669"}],"version-history":[{"count":18,"href":"https:\/\/www.3s1.at\/TMM\/wp-json\/wp\/v2\/pages\/669\/revisions"}],"predecessor-version":[{"id":700,"href":"https:\/\/www.3s1.at\/TMM\/wp-json\/wp\/v2\/pages\/669\/revisions\/700"}],"wp:attachment":[{"href":"https:\/\/www.3s1.at\/TMM\/wp-json\/wp\/v2\/media?parent=669"}],"curies":[{"name":"wp","href":"https:\/\/api.w.org\/{rel}","templated":true}]}}