{"id":98,"date":"2023-01-03T19:26:25","date_gmt":"2023-01-03T18:26:25","guid":{"rendered":"http:\/\/www.3s1.at\/TMM\/?page_id=98"},"modified":"2024-05-07T21:36:12","modified_gmt":"2024-05-07T19:36:12","slug":"98-2","status":"publish","type":"page","link":"https:\/\/www.3s1.at\/TMM\/98-2\/","title":{"rendered":""},"content":{"rendered":"<h4>Kontakt &amp; Seiteneigner:<\/h4>\n<p>Heinz Broucek<br \/>\n1140 Wien, H\u00e4gelingasse 1 \/ 13\u00a0\u00a0 &#8211;\u00a0\u00a0 <a href=\"mailto:heinz.broucek@gmail.com\">heinz.broucek@gmail.com<\/a><\/p>\n<h4>Veranstalter:<\/h4>\n<p>Int. Bund der Tierversuchsgegner<br \/>\n1030 Wien, Radetzkystrasse 21\u00a0\u00a0 &#8211;\u00a0\u00a0 <a href=\"mailto:tierversuchsgegner@chello.at\">tierversuchsgegner@chello.at<\/a><\/p>\n<h4>Bildrechte:<\/h4>\n<p>Blues Brothers 2nd Hand\u00a0  &#8211; \u00a0 Ing. Michael Linska<br \/>\nFlickentanz\u00a0\u00a0 &#8211;\u00a0\u00a0 Stefan Nuetzel\u00a0 @2022<br \/>\nHarry Ahamer\u00a0\u00a0 &#8211;\u00a0\u00a0 Harry Ahamer<br \/>\nWIR4   &#8211;   Gary Lux, Harald Fendrich, Harry Stampfer und Ulli B\u00e4er<br \/>\nHeinrich Walcher   &#8211;   Heinrich Walcher<br \/>\nHeinz Broucek<\/p>\n<h4>Datenschutz:<\/h4>\n<p>F\u00fcr alle Inhalte dieser Webseite ist der Seiteneigner verantwortlich. F\u00fcr Inhalte in externen Links gelten die Angaben der jerweiligen Eigent\u00fcmer. Diese Webseite speichert keinerlei Daten zu Personen und Urspr\u00fcngen zum Aufruf dieser Webseite.<\/p>\n<p>In Formularen werden von Benutzern der Webseite angegebene Daten gespeichert um Bestellungen von bzw. Informationen an den Benutzer zu verarbeiten. Diese Speicherung erfolgt so lange, bis der Dateneigner eine L\u00f6schung dieser Daten beantragt. Im Falle von Bestellungen und Registrierungen werden die Daten zur weiteren Verarbeitung herangezogen. Eine Weitergabe dieser Daten an Dritte erfolgt in keinem Fall!<\/p>\n<p>&nbsp;<\/p>\n","protected":false},"excerpt":{"rendered":"<p>Kontakt &amp; Seiteneigner: Heinz Broucek 1140 Wien, H\u00e4gelingasse 1 \/ 13\u00a0\u00a0 &#8211;\u00a0\u00a0 heinz.broucek@gmail.com Veranstalter: Int. Bund der Tierversuchsgegner 1030 Wien, Radetzkystrasse 21\u00a0\u00a0 &#8211;\u00a0\u00a0 tierversuchsgegner@chello.at Bildrechte: Blues Brothers 2nd Hand\u00a0 &#8211; \u00a0 Ing. Michael Linska Flickentanz\u00a0\u00a0 &#8211;\u00a0\u00a0 Stefan Nuetzel\u00a0 @2022 Harry Ahamer\u00a0\u00a0 &#8211;\u00a0\u00a0 Harry Ahamer WIR4 &#8211; Gary Lux, Harald Fendrich, Harry Stampfer und Ulli B\u00e4er &hellip; <\/p>\n<p class=\"link-more\"><a href=\"https:\/\/www.3s1.at\/TMM\/98-2\/\" class=\"more-link\"><span class=\"screen-reader-text\">\u201e\u201c<\/span> weiterlesen<\/a><\/p>\n","protected":false},"author":1,"featured_media":0,"parent":0,"menu_order":0,"comment_status":"closed","ping_status":"closed","template":"","meta":{"footnotes":""},"class_list":["post-98","page","type-page","status-publish","hentry"],"_links":{"self":[{"href":"https:\/\/www.3s1.at\/TMM\/wp-json\/wp\/v2\/pages\/98","targetHints":{"allow":["GET"]}}],"collection":[{"href":"https:\/\/www.3s1.at\/TMM\/wp-json\/wp\/v2\/pages"}],"about":[{"href":"https:\/\/www.3s1.at\/TMM\/wp-json\/wp\/v2\/types\/page"}],"author":[{"embeddable":true,"href":"https:\/\/www.3s1.at\/TMM\/wp-json\/wp\/v2\/users\/1"}],"replies":[{"embeddable":true,"href":"https:\/\/www.3s1.at\/TMM\/wp-json\/wp\/v2\/comments?post=98"}],"version-history":[{"count":9,"href":"https:\/\/www.3s1.at\/TMM\/wp-json\/wp\/v2\/pages\/98\/revisions"}],"predecessor-version":[{"id":657,"href":"https:\/\/www.3s1.at\/TMM\/wp-json\/wp\/v2\/pages\/98\/revisions\/657"}],"wp:attachment":[{"href":"https:\/\/www.3s1.at\/TMM\/wp-json\/wp\/v2\/media?parent=98"}],"curies":[{"name":"wp","href":"https:\/\/api.w.org\/{rel}","templated":true}]}}